{"id":111,"date":"2014-08-14T08:51:36","date_gmt":"2014-08-14T08:51:36","guid":{"rendered":"http:\/\/sleepless-sheep.com\/wordpress?page_id=111"},"modified":"2026-04-29T21:14:12","modified_gmt":"2026-04-29T19:14:12","slug":"about-statisch","status":"publish","type":"page","link":"https:\/\/sleepless-sheep.com\/?page_id=111","title":{"rendered":"\u00dcBER MICH"},"content":{"rendered":"<p style=\"text-align: center;\"><b>HERZLICH WILLKOMMEN AUF MEINER WEBSITE.<\/b><a href=\"http:\/\/sleepless-sheep.com\/wp-content\/uploads\/2025\/04\/TS_DorisBuechel2.jpeg\"><img loading=\"lazy\" decoding=\"async\" class=\"alignnone size-full wp-image-2026\" src=\"http:\/\/sleepless-sheep.com\/wp-content\/uploads\/2025\/04\/TS_DorisBuechel2.jpeg\" alt=\"\" width=\"2000\" height=\"1333\" srcset=\"https:\/\/sleepless-sheep.com\/wp-content\/uploads\/2025\/04\/TS_DorisBuechel2.jpeg 2000w, https:\/\/sleepless-sheep.com\/wp-content\/uploads\/2025\/04\/TS_DorisBuechel2-300x200.jpeg 300w, https:\/\/sleepless-sheep.com\/wp-content\/uploads\/2025\/04\/TS_DorisBuechel2-1024x682.jpeg 1024w, https:\/\/sleepless-sheep.com\/wp-content\/uploads\/2025\/04\/TS_DorisBuechel2-768x512.jpeg 768w, https:\/\/sleepless-sheep.com\/wp-content\/uploads\/2025\/04\/TS_DorisBuechel2-1536x1024.jpeg 1536w\" sizes=\"auto, (max-width: 2000px) 100vw, 2000px\" \/><\/a><\/p>\n<div>\n<p class=\"font-claude-response-body break-words whitespace-normal leading-[1.7]\">Mein Name ist Doris B\u00fcchel, ich bin Autorin, Biografin und zertifizierte Anwenderin der w\u00fcrdezentrierten Therapie. Bei W\u00f6rterseh erschienen von mir drei Schweizer Bestseller: das Memoir <em>\u00abWie lange ist nie mehr\u00bb<\/em> (2025), <em>\u00abGame Time\u00bb<\/em> (2021) und <em>\u00abGrenzg\u00e4ngerin\u00bb<\/em> (2017).<\/p>\n<p class=\"font-claude-response-body break-words whitespace-normal leading-[1.7]\">Als Anwenderin der w\u00fcrdezentrierten Therapie besuche ich Menschen in der letzten Lebensphase \u2013 im Hospiz im Werdenberg, im Hospiz St. Gallen und in den LAK-H\u00e4usern in Liechtenstein (in Zusammenarbeit mit der Hospizbewegung Liechtenstein). In einf\u00fchlsamen Gespr\u00e4chen halte ich fest, was z\u00e4hlt: Erinnerungen, W\u00fcnsche, Hoffnungen \u2013 in Briefform, f\u00fcr die Menschen selbst und f\u00fcr die, die ihnen nahestehen.<\/p>\n<p class=\"font-claude-response-body break-words whitespace-normal leading-[1.7]\">Dasselbe Gesp\u00fcr f\u00fcr das Wesentliche bringe ich in meine Arbeit als Biografin ein: in Life Story Interviews, Lebensgespr\u00e4chen und Workshops, die Menschen jeden Alters einladen, die eigene Geschichte zu reflektieren und festzuhalten.<\/p>\n<p class=\"font-claude-response-body break-words whitespace-normal leading-[1.7]\"><strong>Weitere T\u00e4tigkeiten, Fortbildungen und Mitgliedschaften:<\/strong><\/p>\n<ul class=\"[li_&amp;]:mb-0 [li_&amp;]:mt-1 [li_&amp;]:gap-1 [&amp;:not(:last-child)_ul]:pb-1 [&amp;:not(:last-child)_ol]:pb-1 list-disc flex flex-col gap-1 pl-8 mb-3\">\n<li class=\"whitespace-normal break-words pl-2\">CAS \u00abHaltung und Orientierung in der Palliative Care\u00bb (OST, SG, ab Januar 2026)<\/li>\n<li class=\"whitespace-normal break-words pl-2\">Zertifizierung als Anwenderin W\u00fcrdezentrierte Therapie (Mainz, 2025)<\/li>\n<li class=\"whitespace-normal break-words pl-2\">Weiterbildung \u00abGeistliche Gespr\u00e4chsf\u00fchrung\u00bb (Lasalle-Haus, 2024)<\/li>\n<li class=\"whitespace-normal break-words pl-2\">Fernstudium \u00abProsaschreiben mit Schwerpunkt autobiografisches Schreiben\u00bb (Textmanufaktur, 2022)<\/li>\n<li class=\"whitespace-normal break-words pl-2\">Grundkurs \u00abW\u00fcrdezentrierte Therapie\u00bb (Mainz, 2021)<\/li>\n<li class=\"whitespace-normal break-words pl-2\">Shared Reading Leseleiterin, Literaturhaus Liechtenstein (seit 2019)<\/li>\n<li class=\"whitespace-normal break-words pl-2\">Redaktionsteam des analogen Magazins \u00abSuppl\u00e9ment\u00bb, Gasthaus Traube Buchs (seit 2022)<\/li>\n<li class=\"whitespace-normal break-words pl-2\">Mitglied des PEN-Clubs Liechtenstein (seit 2024)<\/li>\n<li class=\"whitespace-normal break-words pl-2\">Mitglied des Kiwanis-Clubs Werdenberg (seit 2014)<\/li>\n<\/ul>\n<p>Sonst so? Ich laufe, schwimme auch im Winter im See und tr\u00e4ume gelegentlich von einem alten Pavillon-Kiosk mit hochwertigen Magazinen, gutem Schreibzeug und dem besten Espresso der Welt. Ich lebe mit meinem Mann Marco in Triesenberg, Liechtenstein.<\/p>\n<p>Sie m\u00f6chten mehr erfahren oder einfach mal Hallo sagen?<br \/>\nIch freue mich \u00fcber Ihre Nachricht: <a class=\"underline underline underline-offset-2 decoration-1 decoration-current\/40 hover:decoration-current focus:decoration-current\" href=\"mailto:buechel@sleepless-sheep.com\">buechel@sleepless-sheep.com<\/a><\/p>\n<\/div>\n<p style=\"font-weight: 400;\">\n<p>&nbsp;<\/p>\n","protected":false},"excerpt":{"rendered":"<p>HERZLICH WILLKOMMEN AUF MEINER WEBSITE. Mein Name ist Doris B\u00fcchel, ich bin Autorin, Biografin und&#8230;<\/p>\n<div class=\"more-link-wrapper\"><a class=\"more-link\" href=\"https:\/\/sleepless-sheep.com\/?page_id=111\">Beitrag lesen<span class=\"screen-reader-text\">\u00dcBER MICH<\/span><\/a><\/div>\n","protected":false},"author":1,"featured_media":0,"parent":0,"menu_order":2,"comment_status":"closed","ping_status":"closed","template":"","meta":{"footnotes":""},"class_list":["post-111","page","type-page","status-publish","hentry","excerpt","zoom","full-without-featured","even","excerpt-0"],"_links":{"self":[{"href":"https:\/\/sleepless-sheep.com\/index.php?rest_route=\/wp\/v2\/pages\/111","targetHints":{"allow":["GET"]}}],"collection":[{"href":"https:\/\/sleepless-sheep.com\/index.php?rest_route=\/wp\/v2\/pages"}],"about":[{"href":"https:\/\/sleepless-sheep.com\/index.php?rest_route=\/wp\/v2\/types\/page"}],"author":[{"embeddable":true,"href":"https:\/\/sleepless-sheep.com\/index.php?rest_route=\/wp\/v2\/users\/1"}],"replies":[{"embeddable":true,"href":"https:\/\/sleepless-sheep.com\/index.php?rest_route=%2Fwp%2Fv2%2Fcomments&post=111"}],"version-history":[{"count":201,"href":"https:\/\/sleepless-sheep.com\/index.php?rest_route=\/wp\/v2\/pages\/111\/revisions"}],"predecessor-version":[{"id":2384,"href":"https:\/\/sleepless-sheep.com\/index.php?rest_route=\/wp\/v2\/pages\/111\/revisions\/2384"}],"wp:attachment":[{"href":"https:\/\/sleepless-sheep.com\/index.php?rest_route=%2Fwp%2Fv2%2Fmedia&parent=111"}],"curies":[{"name":"wp","href":"https:\/\/api.w.org\/{rel}","templated":true}]}}