{"id":116,"date":"2014-08-14T11:45:25","date_gmt":"2014-08-14T09:45:25","guid":{"rendered":"http:\/\/sleepless-sheep.com\/wordpress?page_id=116"},"modified":"2026-03-25T14:11:07","modified_gmt":"2026-03-25T13:11:07","slug":"home","status":"publish","type":"page","link":"https:\/\/sleepless-sheep.com\/","title":{"rendered":"HOME"},"content":{"rendered":"<h3 style=\"text-align: center;\" data-start=\"139\" data-end=\"192\"><strong data-start=\"142\" data-end=\"192\">Autorin, Biografin, Begleiterin am Lebensende<\/strong><\/h3>\n<p class=\"font-claude-response-body break-words whitespace-normal leading-[1.7]\" style=\"text-align: center;\">Wir alle tragen Geschichten in uns \u2013 Geschichten, die es verdienen, geh\u00f6rt und festgehalten zu werden. Ich schreibe sie auf, bringe sie auf die B\u00fchne und auf Papier und begleite Menschen, die sich mit dem besch\u00e4ftigen, was uns alle betrifft: die Endlichkeit des Lebens.<\/p>\n<p class=\"font-claude-response-body break-words whitespace-normal leading-[1.7]\" style=\"text-align: center;\">Als Autorin dreier Schweizer Bestseller, zertifizierte Anwenderin der w\u00fcrdezentrierten Therapie und Biografin arbeite ich mit Menschen, die ihre Geschichte bewahren m\u00f6chten \u2013 und mit solchen, die am Ende ihres Lebens noch einmal innehalten und zur\u00fcckschauen.<\/p>\n<p style=\"text-align: center;\">Herzlich willkommen auf meiner Website.<\/p>\n<p style=\"text-align: center;\"><a href=\"http:\/\/sleepless-sheep.com\/wp-content\/uploads\/2025\/08\/L1066886-Enhanced-NR-2-scaled.jpg\"><img loading=\"lazy\" decoding=\"async\" class=\" wp-image-2164 aligncenter\" src=\"http:\/\/sleepless-sheep.com\/wp-content\/uploads\/2025\/08\/L1066886-Enhanced-NR-2-scaled.jpg\" alt=\"\" width=\"486\" height=\"730\" srcset=\"https:\/\/sleepless-sheep.com\/wp-content\/uploads\/2025\/08\/L1066886-Enhanced-NR-2-scaled.jpg 1704w, https:\/\/sleepless-sheep.com\/wp-content\/uploads\/2025\/08\/L1066886-Enhanced-NR-2-200x300.jpg 200w, https:\/\/sleepless-sheep.com\/wp-content\/uploads\/2025\/08\/L1066886-Enhanced-NR-2-682x1024.jpg 682w, https:\/\/sleepless-sheep.com\/wp-content\/uploads\/2025\/08\/L1066886-Enhanced-NR-2-768x1154.jpg 768w, https:\/\/sleepless-sheep.com\/wp-content\/uploads\/2025\/08\/L1066886-Enhanced-NR-2-1022x1536.jpg 1022w, https:\/\/sleepless-sheep.com\/wp-content\/uploads\/2025\/08\/L1066886-Enhanced-NR-2-1363x2048.jpg 1363w\" sizes=\"auto, (max-width: 486px) 100vw, 486px\" \/><\/a><\/p>\n<p style=\"text-align: center;\">\u00a0<\/p>\n\n\n<p><\/p>\n","protected":false},"excerpt":{"rendered":"<p>Autorin, Biografin, Begleiterin am Lebensende Wir alle tragen Geschichten in uns \u2013 Geschichten, die es&#8230;<\/p>\n<div class=\"more-link-wrapper\"><a class=\"more-link\" href=\"https:\/\/sleepless-sheep.com\/\">Beitrag lesen<span class=\"screen-reader-text\">HOME<\/span><\/a><\/div>\n","protected":false},"author":1,"featured_media":1724,"parent":0,"menu_order":0,"comment_status":"closed","ping_status":"closed","template":"","meta":{"footnotes":""},"class_list":["post-116","page","type-page","status-publish","has-post-thumbnail","hentry","excerpt","zoom","full-without-featured","even","excerpt-0"],"_links":{"self":[{"href":"https:\/\/sleepless-sheep.com\/index.php?rest_route=\/wp\/v2\/pages\/116","targetHints":{"allow":["GET"]}}],"collection":[{"href":"https:\/\/sleepless-sheep.com\/index.php?rest_route=\/wp\/v2\/pages"}],"about":[{"href":"https:\/\/sleepless-sheep.com\/index.php?rest_route=\/wp\/v2\/types\/page"}],"author":[{"embeddable":true,"href":"https:\/\/sleepless-sheep.com\/index.php?rest_route=\/wp\/v2\/users\/1"}],"replies":[{"embeddable":true,"href":"https:\/\/sleepless-sheep.com\/index.php?rest_route=%2Fwp%2Fv2%2Fcomments&post=116"}],"version-history":[{"count":161,"href":"https:\/\/sleepless-sheep.com\/index.php?rest_route=\/wp\/v2\/pages\/116\/revisions"}],"predecessor-version":[{"id":2371,"href":"https:\/\/sleepless-sheep.com\/index.php?rest_route=\/wp\/v2\/pages\/116\/revisions\/2371"}],"wp:featuredmedia":[{"embeddable":true,"href":"https:\/\/sleepless-sheep.com\/index.php?rest_route=\/wp\/v2\/media\/1724"}],"wp:attachment":[{"href":"https:\/\/sleepless-sheep.com\/index.php?rest_route=%2Fwp%2Fv2%2Fmedia&parent=116"}],"curies":[{"name":"wp","href":"https:\/\/api.w.org\/{rel}","templated":true}]}}