{"id":139,"date":"2014-08-14T09:30:26","date_gmt":"2014-08-14T07:30:26","guid":{"rendered":"http:\/\/sleepless-sheep.com\/wordpress?page_id=139"},"modified":"2026-03-25T11:22:11","modified_gmt":"2026-03-25T10:22:11","slug":"impressum","status":"publish","type":"page","link":"https:\/\/sleepless-sheep.com\/?page_id=139","title":{"rendered":"SHARED READING"},"content":{"rendered":"<p class=\"font-claude-response-body break-words whitespace-normal leading-[1.7]\"><strong>SHARED READING<\/strong> \u2013 <strong>AN WORTEN WACHSEN<\/strong><\/p>\n<p class=\"font-claude-response-body break-words whitespace-normal leading-[1.7]\">Literatur verbindet. Gemeinsam lesen wir literarische Kurzgeschichten und Gedichte, halten inne und sprechen \u00fcber das, was uns bewegt. Spontan, offen, ohne Vorbereitung.<\/p>\n<p class=\"font-claude-response-body break-words whitespace-normal leading-[1.7]\">Niemand muss vorlesen oder etwas sagen, wenn er oder sie nicht m\u00f6chte. Weder Vorkenntnisse noch Vorbereitung sind notwendig. Egal, ob Sie in Ihrem Leben kein Buch oder tausend B\u00fccher gelesen haben, wie alt Sie sind oder woher Sie kommen: Wer zuh\u00f6rt, geh\u00f6rt bereits dazu.<\/p>\n<p class=\"font-claude-response-body break-words whitespace-normal leading-[1.7]\">Shared Reading ist weder Therapie noch Buchclub oder ambitionierter Literaturkreis, sondern eine erprobte Methode in einer Atmosph\u00e4re unangestrengter Offenheit.<\/p>\n<p style=\"text-align: left;\">Shared Reading Sessions 2026 im <a href=\"https:\/\/www.literaturhaus.li\">Literaturhaus Liechtenstein<\/a> \u2013 jeweils von 18.45 bis 20.15 Uhr:<\/p>\n<p>13. April \u00b7 8. Juni \u00b7 6. Juli \u00b7 10. August \u00b7 7. September \u00b7 5. Oktober \u00b7 2. November \u00b7 7. Dezember<\/p>\n<p>Anmeldungen bitte rechtzeitig an <a href=\"mailto:buechel@sleepless-sheep.com\">buechel@sleepless-sheep.com.<\/a><\/p>\n<p style=\"text-align: center;\"><i>Dank der F\u00f6rderung durch die Kulturstiftung Liechtenstein sowie der Unterst\u00fctzung des Literaturhaus Liechtenstein haben alle Interessierten die M\u00f6glichkeit, kostenlos an den Sessions teilzunehmen.<\/i><\/p>\n<p><i><a href=\"http:\/\/sleepless-sheep.com\/wp-content\/uploads\/2014\/08\/aufkleber95cm_transparent.png\"><img loading=\"lazy\" decoding=\"async\" class=\"aligncenter  wp-image-1219\" src=\"http:\/\/sleepless-sheep.com\/wp-content\/uploads\/2014\/08\/aufkleber95cm_transparent.png\" alt=\"\" width=\"452\" height=\"452\" srcset=\"https:\/\/sleepless-sheep.com\/wp-content\/uploads\/2014\/08\/aufkleber95cm_transparent.png 750w, https:\/\/sleepless-sheep.com\/wp-content\/uploads\/2014\/08\/aufkleber95cm_transparent-150x150.png 150w, https:\/\/sleepless-sheep.com\/wp-content\/uploads\/2014\/08\/aufkleber95cm_transparent-300x300.png 300w, https:\/\/sleepless-sheep.com\/wp-content\/uploads\/2014\/08\/aufkleber95cm_transparent-350x350.png 350w\" sizes=\"auto, (max-width: 452px) 100vw, 452px\" \/><\/a><\/i><\/p>\n","protected":false},"excerpt":{"rendered":"<p>SHARED READING \u2013 AN WORTEN WACHSEN Literatur verbindet. Gemeinsam lesen wir literarische Kurzgeschichten und Gedichte,&#8230;<\/p>\n<div class=\"more-link-wrapper\"><a class=\"more-link\" href=\"https:\/\/sleepless-sheep.com\/?page_id=139\">Beitrag lesen<span class=\"screen-reader-text\">SHARED READING<\/span><\/a><\/div>\n","protected":false},"author":1,"featured_media":0,"parent":0,"menu_order":8,"comment_status":"closed","ping_status":"closed","template":"","meta":{"footnotes":""},"class_list":["post-139","page","type-page","status-publish","hentry","excerpt","zoom","full-without-featured","even","excerpt-0"],"_links":{"self":[{"href":"https:\/\/sleepless-sheep.com\/index.php?rest_route=\/wp\/v2\/pages\/139","targetHints":{"allow":["GET"]}}],"collection":[{"href":"https:\/\/sleepless-sheep.com\/index.php?rest_route=\/wp\/v2\/pages"}],"about":[{"href":"https:\/\/sleepless-sheep.com\/index.php?rest_route=\/wp\/v2\/types\/page"}],"author":[{"embeddable":true,"href":"https:\/\/sleepless-sheep.com\/index.php?rest_route=\/wp\/v2\/users\/1"}],"replies":[{"embeddable":true,"href":"https:\/\/sleepless-sheep.com\/index.php?rest_route=%2Fwp%2Fv2%2Fcomments&post=139"}],"version-history":[{"count":232,"href":"https:\/\/sleepless-sheep.com\/index.php?rest_route=\/wp\/v2\/pages\/139\/revisions"}],"predecessor-version":[{"id":2346,"href":"https:\/\/sleepless-sheep.com\/index.php?rest_route=\/wp\/v2\/pages\/139\/revisions\/2346"}],"wp:attachment":[{"href":"https:\/\/sleepless-sheep.com\/index.php?rest_route=%2Fwp%2Fv2%2Fmedia&parent=139"}],"curies":[{"name":"wp","href":"https:\/\/api.w.org\/{rel}","templated":true}]}}