{"id":2139,"date":"2025-08-12T09:05:23","date_gmt":"2025-08-12T07:05:23","guid":{"rendered":"https:\/\/sleepless-sheep.com\/?page_id=2139"},"modified":"2026-03-25T11:48:34","modified_gmt":"2026-03-25T10:48:34","slug":"buecher","status":"publish","type":"page","link":"https:\/\/sleepless-sheep.com\/?page_id=2139","title":{"rendered":"B\u00dcCHER"},"content":{"rendered":"\n<p><a href=\"https:\/\/www.woerterseh.ch\/produkt\/wie-lange-ist-nie-mehr\/\"><strong>WIE LANGE IST NIE MEHR \u2013 Leben im Angesicht der Endlichkeit<\/strong><\/a> <br>(Schweizer Bestseller, W\u00f6rterseh, 2025)<\/p>\n\n\n\n<p>In \u00abWie lange ist nie mehr\u00bb setzt sich Doris B\u00fcchel als namenlose Ich-Erz\u00e4hlerin mit der Endlichkeit auseinander. Und damit verbunden mit dem Leben, der Liebe, dem Sterben, mit Verlust und Tod. Aber auch mit der eigenen Geschichte. Und mit den Geschichten von Menschen in der letzten Lebensphase, die sie besucht, um deren Erinnerungen, W\u00fcnsche und Hoffnungen in Briefform festzuhalten. Feinsinnig und kompromisslos verwebt sie Fragmente zu einem Ganzen, das ber\u00fchrt und nachhallt. Und uns zur Auseinandersetzung anregt: Mit dem, was war. Mit dem, was ist. Mit dem, was eines Tages unwiderruflich sein wird. <\/p>\n\n\n\n<p><strong><em>\u00abEin ergreifendes Buch \u00fcbers Sterben, gleichzeitig aber vor allem eines \u00fcber die Lebendigkeit.\u00bb<\/em><\/strong><em> <\/em><em>(B\u00e4nz Friedli<\/em>, <em>Autor und Kabarettist<\/em>)<\/p>\n\n\n\n<p><strong><em>\u00abR\u00fcckhaltlos fadengerade, ohne Fangnetz und doppelten Boden. Und verdammt gut geschrieben: klar und geradeaus, ohne Sperenzchen und Fisimatenten.\u00bb<\/em><\/strong><br><em>(Alex Capus, Schriftsteller)<\/em><\/p>\n\n\n\n<p><strong><em>\u00abBeim Vorlesen wird klar, dass Doris B\u00fcchel eine Meisterin des Lapidaren ist. Kein Wort ist zu viel, keines ist unscharf.\u00bb<\/em><\/strong><br><em>(Kulturzeitschrift.at)<\/em><\/p>\n\n\n\n<p><strong><em>\u00abBer\u00fchrend. Ersch\u00fctternd. Erheiternd. Bald von bezaubernder Leichtigkeit, bald leidenschaftlich \u2013 ebenso todernst wie lebensfroh.\u00bb<\/em><\/strong><br><em>(TAK Theater Liechtenstein, zur Buchvernissage)<\/em><\/p>\n\n\n\n<p><strong><em>\u00abEin Buch, das mich begleiten wird. Verliebt ins Leben im Wissen um dessen Ende.\u00bb<\/em><\/strong><br><em>(Leserin auf buchhaus.ch)<\/em><\/p>\n\n\n\n<p>Alle B\u00fccher sind im Buchhandel und direkt beim Verlag\u00a0<a href=\"https:\/\/www.woerterseh.ch\/\">W\u00f6rterseh<\/a>\u00a0erh\u00e4ltlich.<\/p>\n\n\n\n<figure class=\"wp-block-image size-large is-resized\"><a href=\"https:\/\/sleepless-sheep.com\/wp-content\/uploads\/2025\/08\/978-3-03763-161-4_wie-lange-ist-nie-mehr-e1737533714807.png\"><img loading=\"lazy\" decoding=\"async\" width=\"705\" height=\"1024\" src=\"https:\/\/sleepless-sheep.com\/wp-content\/uploads\/2025\/08\/978-3-03763-161-4_wie-lange-ist-nie-mehr-e1737533714807-705x1024.png\" alt=\"\" class=\"wp-image-2182\" style=\"width:384px;height:auto\" srcset=\"https:\/\/sleepless-sheep.com\/wp-content\/uploads\/2025\/08\/978-3-03763-161-4_wie-lange-ist-nie-mehr-e1737533714807-705x1024.png 705w, https:\/\/sleepless-sheep.com\/wp-content\/uploads\/2025\/08\/978-3-03763-161-4_wie-lange-ist-nie-mehr-e1737533714807-206x300.png 206w, https:\/\/sleepless-sheep.com\/wp-content\/uploads\/2025\/08\/978-3-03763-161-4_wie-lange-ist-nie-mehr-e1737533714807-768x1116.png 768w, https:\/\/sleepless-sheep.com\/wp-content\/uploads\/2025\/08\/978-3-03763-161-4_wie-lange-ist-nie-mehr-e1737533714807-1057x1536.png 1057w, https:\/\/sleepless-sheep.com\/wp-content\/uploads\/2025\/08\/978-3-03763-161-4_wie-lange-ist-nie-mehr-e1737533714807-1410x2048.png 1410w, https:\/\/sleepless-sheep.com\/wp-content\/uploads\/2025\/08\/978-3-03763-161-4_wie-lange-ist-nie-mehr-e1737533714807.png 1645w\" sizes=\"auto, (max-width: 705px) 100vw, 705px\" \/><\/a><\/figure>\n\n\n\n<p><strong><a href=\"https:\/\/www.woerterseh.ch\/produkt\/gametime\/\">GAME TIME \u2013&nbsp;Zwei Welten, ein Weg<\/a><\/strong> <br>(Schweizer Bestseller, W\u00f6rterseh, 2021)<\/p>\n\n\n\n<p>Er scheiterte und triumphierte, wurde hart kritisiert und hochgelobt. Das Pr\u00e4gendste jedoch: Er fand zur Spiritualit\u00e4t \u2013&nbsp;und letztlich zu sich selbst. Authentisch und mit viel Tiefgang zeigt uns Patrick Fischer \u2013&nbsp;er war einer der besten Eishockeyspieler der Schweiz und ist seit 2015 erfolgreicher Headcoach der Schweizer Nationalmannschaft \u2013 in seinem Buch GAME TIME auf, dass nicht nur der Spitzensport, sondern auch der hundekommune Alltag seine ganz eigenen Spielregeln kennt. Und er erz\u00e4hlt, warum es so wertvoll ist, auf die innere Stimme zu h\u00f6ren und den Mut aufzubringen, dieser auch in schwierigen Zeiten zu vertrauen.<\/p>\n\n\n\n<figure class=\"wp-block-image size-full is-resized\"><a href=\"http:\/\/sleepless-sheep.com\/wp-content\/uploads\/2021\/11\/Gamtetime-555x710-1.png\"><img loading=\"lazy\" decoding=\"async\" width=\"555\" height=\"710\" src=\"http:\/\/sleepless-sheep.com\/wp-content\/uploads\/2021\/11\/Gamtetime-555x710-1.png\" alt=\"\" class=\"wp-image-1656\" style=\"width:406px;height:auto\" srcset=\"https:\/\/sleepless-sheep.com\/wp-content\/uploads\/2021\/11\/Gamtetime-555x710-1.png 555w, https:\/\/sleepless-sheep.com\/wp-content\/uploads\/2021\/11\/Gamtetime-555x710-1-235x300.png 235w, https:\/\/sleepless-sheep.com\/wp-content\/uploads\/2021\/11\/Gamtetime-555x710-1-274x350.png 274w\" sizes=\"auto, (max-width: 555px) 100vw, 555px\" \/><\/a><\/figure>\n\n\n\n<p><strong><a href=\"https:\/\/www.woerterseh.ch\/produkt\/grenzgaengerin\/\">GRENZG\u00c4NGERIN \u2013 Ein Leben f\u00fcr drei Pole<\/a><\/strong> <br>(Schweizer Bestseller, W\u00f6rterseh, 2017)<\/p>\n\n\n\n<p>Evelyne Binsack ist die erste Schweizerin, die \u2013&nbsp;im Jahr 2001 \u2013&nbsp;auf dem h\u00f6chsten Punkt unseres Planeten, dem Mount Everest, stand. F\u00fcnf Jahre sp\u00e4ter machte sie sich auf, die 25&#8217;000 Kilometer, die zwischen ihrer Haust\u00fcr und dem S\u00fcdpol liegen, mit dem Fahrrad, zu Fuss, auf Skiern und mit Schlitten zu \u00fcberwinden. Fast zehn Jahre sp\u00e4ter folgte der dritte Streich: der n\u00f6rdlichste Punkt unserer Erde. In diesem Buch wird klar, warum die Frau, die in ihrem Leben auch immer wieder R\u00fcckschl\u00e4ge einstecken musste, derart erfolgreich ist. Es sind ihre emotionale St\u00e4rke und ihre fokussierte Willenskraft, ganz entscheidend ist aber ihre F\u00e4higkeit, nicht zur\u00fcck-, sondern vorw\u00e4rts zu schauen. Und zumindest das k\u00f6nnen wir versuchen, ihr gleichzutun. <\/p>\n\n\n\n<figure class=\"wp-block-image size-full is-resized\"><a href=\"http:\/\/sleepless-sheep.com\/wp-content\/uploads\/2022\/05\/BOD-Grenzgaengerin-555x710-1.png\"><img loading=\"lazy\" decoding=\"async\" width=\"555\" height=\"710\" src=\"http:\/\/sleepless-sheep.com\/wp-content\/uploads\/2022\/05\/BOD-Grenzgaengerin-555x710-1.png\" alt=\"\" class=\"wp-image-1717\" style=\"width:414px;height:auto\" srcset=\"https:\/\/sleepless-sheep.com\/wp-content\/uploads\/2022\/05\/BOD-Grenzgaengerin-555x710-1.png 555w, https:\/\/sleepless-sheep.com\/wp-content\/uploads\/2022\/05\/BOD-Grenzgaengerin-555x710-1-235x300.png 235w, https:\/\/sleepless-sheep.com\/wp-content\/uploads\/2022\/05\/BOD-Grenzgaengerin-555x710-1-274x350.png 274w\" sizes=\"auto, (max-width: 555px) 100vw, 555px\" \/><\/a><\/figure>\n\n\n\n<p><strong>Weitere Publikationen \u2013 ein Auszug:<\/strong><br>Buch \u00bb<a href=\"https:\/\/www.winnermindset.ch\">DURCH-BRUCH \u2013 Mein Weg zur mentalen St\u00e4rke<\/a>\u00ab mit und \u00fcber Renato Marni, 18-facher Taekwondo-Weltmeister (Renato Marni, 2023)&nbsp;\/ Essay \u00bbNoch 20 Minuten\u00ab (SJW, 2019) \/ Essay zum Thema Kindheit (Werdenberger Jahrbuch, 2018) &nbsp;\/ Buch zum 20-Jahre-Jubil\u00e4um \u00bbS\u00fcdtirol Drei Zinnen Alpine Run\u00ab im Auftrag von Tourismus Sexten \/ Und vieles mehr \u2026<\/p>\n\n\n\n<p><strong>Ausserdem:<br><\/strong>Als schreibender Teil des Redaktionsteams des <a href=\"https:\/\/gasthaus-traube.ch\/de\/magazin.html\">Gasthaus Traube in Buchs<\/a> kreiere ich zusammen mit Adrian Scherrer (Grafik) und Roland Lichtensteiger (Fotografie) zweimal im Jahr das hochwertige analoge Magazin \u00bbSuppl\u00e9ment\u00ab.<\/p>\n","protected":false},"excerpt":{"rendered":"<p>WIE LANGE IST NIE MEHR \u2013 Leben im Angesicht der Endlichkeit (Schweizer Bestseller, W\u00f6rterseh, 2025)&#8230;<\/p>\n<div class=\"more-link-wrapper\"><a class=\"more-link\" href=\"https:\/\/sleepless-sheep.com\/?page_id=2139\">Beitrag lesen<span class=\"screen-reader-text\">B\u00dcCHER<\/span><\/a><\/div>\n","protected":false},"author":1,"featured_media":0,"parent":0,"menu_order":7,"comment_status":"closed","ping_status":"closed","template":"","meta":{"footnotes":""},"class_list":["post-2139","page","type-page","status-publish","hentry","excerpt","zoom","full-without-featured","even","excerpt-0"],"_links":{"self":[{"href":"https:\/\/sleepless-sheep.com\/index.php?rest_route=\/wp\/v2\/pages\/2139","targetHints":{"allow":["GET"]}}],"collection":[{"href":"https:\/\/sleepless-sheep.com\/index.php?rest_route=\/wp\/v2\/pages"}],"about":[{"href":"https:\/\/sleepless-sheep.com\/index.php?rest_route=\/wp\/v2\/types\/page"}],"author":[{"embeddable":true,"href":"https:\/\/sleepless-sheep.com\/index.php?rest_route=\/wp\/v2\/users\/1"}],"replies":[{"embeddable":true,"href":"https:\/\/sleepless-sheep.com\/index.php?rest_route=%2Fwp%2Fv2%2Fcomments&post=2139"}],"version-history":[{"count":22,"href":"https:\/\/sleepless-sheep.com\/index.php?rest_route=\/wp\/v2\/pages\/2139\/revisions"}],"predecessor-version":[{"id":2354,"href":"https:\/\/sleepless-sheep.com\/index.php?rest_route=\/wp\/v2\/pages\/2139\/revisions\/2354"}],"wp:attachment":[{"href":"https:\/\/sleepless-sheep.com\/index.php?rest_route=%2Fwp%2Fv2%2Fmedia&parent=2139"}],"curies":[{"name":"wp","href":"https:\/\/api.w.org\/{rel}","templated":true}]}}